{"id":2025100,"date":"2025-07-29T09:37:42","date_gmt":"2025-07-29T06:37:42","guid":{"rendered":"https:\/\/pgasa.dp.ua\/?page_id=2025100"},"modified":"2025-10-24T09:27:35","modified_gmt":"2025-10-24T06:27:35","slug":"xxisapc-innovative-technologies-in-construction-civil-engineering-and-architecture","status":"publish","type":"page","link":"https:\/\/pgasa.dp.ua\/en\/xxisapc-innovative-technologies-in-construction-civil-engineering-and-architecture\/","title":{"rendered":"XX INTERNATIONAL SCIENTIFIC AND PRACTICAL CONFERENCE INNOVATIVE TECHNOLOGIES IN CONSTRUCTION, CIVIL ENGINEERING, AND ARCHITECTURE"},"content":{"rendered":"<h2 style=\"text-align: center;\"><strong>XX INTERNATIONAL SCIENTIFIC AND PRACTICAL CONFERENCE INNOVATIVE TECHNOLOGIES IN CONSTRUCTION, CIVIL ENGINEERING, AND ARCHITECTURE<\/strong><\/h2>\n<p><img loading=\"lazy\" class=\"alignnone size-large wp-image-2025300 aligncenter\" src=\"https:\/\/pgasa.dp.ua\/wp-content\/uploads\/2025\/09\/XX-MNPK-02-1024x377.jpg\" alt=\"\" width=\"640\" height=\"236\" srcset=\"https:\/\/pgasa.dp.ua\/wp-content\/uploads\/2025\/09\/XX-MNPK-02-1024x377.jpg 1024w, https:\/\/pgasa.dp.ua\/wp-content\/uploads\/2025\/09\/XX-MNPK-02-300x110.jpg 300w, https:\/\/pgasa.dp.ua\/wp-content\/uploads\/2025\/09\/XX-MNPK-02-768x283.jpg 768w, https:\/\/pgasa.dp.ua\/wp-content\/uploads\/2025\/09\/XX-MNPK-02-1536x565.jpg 1536w, https:\/\/pgasa.dp.ua\/wp-content\/uploads\/2025\/09\/XX-MNPK-02-2048x754.jpg 2048w\" sizes=\"(max-width: 640px) 100vw, 640px\" \/><\/p>\n<p style=\"text-align: center;\"><strong>October 20\u201321, 2025<\/strong><br \/>\n<strong>Dnipro, Ukraine<\/strong><\/p>\n<p>We invite you to participate in the XX International Scientific and Practical Conference &#8220;Innovative Technologies in Construction, Civil Engineering, and Architecture.&#8221; The goal of the event is to bring together representatives of science, education, and industry to exchange scientific and technical information and practical experience, and to identify promising directions for scientific research in the fields of modern construction, civil engineering, architecture, and design.<\/p>\n<p>The conference is held within the framework of dissemination of results from the international projects: Horizon Europe \u201cENERGENIUS\u201d<br \/>\n(id 101160720), Horizon 2020 \u201cEffectFact\u201d (id 101008140), Erasmus 2027 \u201cThe Bridge\u201d (id 101127884), Erasmus 2027 \u201cUKRENERGY\u201d (id 101082898) and is dedicated to the 95th anniversary of the Prydniprovska State Academy of Civil Engineering and Architecture.<\/p>\n<p>The event will be held in a <u>hybrid format<\/u>.<\/p>\n<p>Working languages: <strong>English<\/strong> and <strong>Ukrainian<\/strong>.<\/p>\n<p><strong>Conference Themes<br \/>\n<\/strong>&#8211; Theoretical Foundations of Construction<br \/>\n&#8211; Advanced Technologies, Materials, and Structural Solutions in Construction<br \/>\n&#8211; Architecture, Urban Planning, Design, and Fine Arts<br \/>\n&#8211; Territorial Planning, Geodesy, and Land Management<br \/>\n&#8211; Energy Saving, Renewable Energy Sources, and Energy\u2011Efficient Building Systems<br \/>\n&#8211; Digitization and Information Technologies in Construction<br \/>\n&#8211; Mechanical Engineering, Mechatronics, and Robotics<br \/>\n&#8211; Diagnostics, Restoration, and Rehabilitation Technologies for Buildings and Structures<br \/>\n&#8211; Technogenic Safety, Ecology, and Protection of Critical Infrastructure<br \/>\n&#8211; Economic and Managerial Aspects of Post\u2011War Reconstruction and Development of Ukraine<br \/>\n&#8211; Humanitarian, Philosophical, and Educational Dimensions in Light of Contemporary Requirements for the Construction and Architectural Field<\/p>\n<p><strong>Important Dates<br \/>\n<\/strong><strong><u>October 1<\/u>\u00a0&#8211; <\/strong>Deadline for registration and submission of conference abstracts<br \/>\n<strong><u>October 6<\/u>\u00a0&#8211; <\/strong>Notification of acceptance or rejection of conference abstracts and payment details for the registration fee<br \/>\n<strong><u>October 10<\/u>\u00a0&#8211; <\/strong>Deadline for payment of the registration fee<br \/>\n<strong><u>October 15<\/u>\u00a0&#8211; <\/strong>Publication of abstracts and announcement of the conference programme<br \/>\n<strong><u>October 20-21<\/u>\u00a0&#8211; <\/strong>Conference days<\/p>\n<p><strong>Publication &amp; Recognition<br \/>\n<\/strong>Speakers will receive participation certificates. Young researchers whose abstracts are rated best will receive diplomas from the Scientific Committee.<br \/>\nAbstracts will be published in an e\u2011conference proceedings volume with. Participation (in-person or online) is required for publication eligibility. Conference participants may submit full articles to the Ukrainian Journal of Construction and Architecture (a peer-reviewed, Category B journal recognized by the Ministry of Education and Science of Ukraine).<br \/>\nSelected articles that pass double-blind peer review will be published in a special issue of <a href=\"https:\/\/iopscience.iop.org\/journal\/1742-6596\">Journal of Physics: Conference Series<\/a> indexed in Scopus. Authors responsibilities, requirements for papers and formatting rules are given in the <a href=\"https:\/\/publishingsupport.iopscience.iop.org\/author-guidelines-for-conference-proceedings\/\">author guidelines<\/a>. The Publisher reserves the right to reject any papers if, in its opinion, they are considered inappropriate for publication. In such a case, the publication fee will not be returned to the authors. The link to the Call for Papers will be sent to all participants which have delivered talks.<\/p>\n<p><strong>Registration Fee<br \/>\n<\/strong>The registration fee is 300\u00a0UAH per abstract. It covers organizational costs and publication the book of abstracts. The publication fee for <a href=\"https:\/\/iopscience.iop.org\/journal\/1742-6596\">Journal of Physics: Conference Series<\/a> is 5000\u00a0UAH.<\/p>\n<p><strong>Submission Guidelines<br \/>\n<\/strong>To participate, fill out the online registration form (<a href=\"https:\/\/forms.gle\/HqYVpWizgvvG4nXy5\">https:\/\/forms.gle\/HqYVpWizgvvG4nXy5<\/a>) and submit a two\u2011page abstract to mitomdnipro1997@gmail.com (follow formatting rules and template <a href=\"https:\/\/drive.google.com\/drive\/folders\/1T5R3qQros46s7LCb-R2hGVrcFTZSXdzy?usp=sharing\">https:\/\/drive.google.com\/drive\/folders\/1T5R3qQros46s7LCb-R2hGVrcFTZSXdzy?usp=sharing<\/a>). The Organizing Committee reserves the right to reject materials not conforming to formatting guidelines.<\/p>\n<p><strong>Conference programme<br \/>\n<a href=\"https:\/\/pgasa.dp.ua\/wp-content\/uploads\/2025\/10\/XX_INTERNATIONAL_SCIENTIFIC_AND_PRACTICAL_CONFERENCE_PROGRAMME.pdf\">XX_INTERNATIONAL_SCIENTIFIC_AND_PRACTICAL_CONFERENCE_PROGRAMME<\/a><br \/>\n<\/strong><\/p>\n<p><strong>Scientific Committee<br \/>\n<\/strong>&#8211; Kostiantyn SUKHYI \u2013 <em>Rector, Corresponding Member of the NAS of Ukraine, Doctor of Technical Sciences (D.Sc.), Professor \u2013 Chair of the Scientific Committee.<br \/>\n&#8211; <\/em>Mykola SAVYTSKYI \u2013 <em>Vice-Rector for Academic, International, and Innovation Affairs, Doctor of Technical Sciences, Professor \u2013 Deputy Chair of the Scientific Committee.<br \/>\n&#8211; <\/em>Yurii PROIDAK \u2013 <em>Vice-Rector for Research, Doctor of Technical Sciences, Professor \u2013 Deputy Chair of the Scientific Committee.<br \/>\n&#8211; <\/em>Vladyslav DANISHEVSKYY \u2013 <em>Director of the SEI PSACEA, Doctor of Technical Sciences, Professor \u2013 Deputy Chair of the Scientific Committee.<br \/>\n&#8211; <\/em>Anastasiia HAIDAR \u2013 <em>Academic Secretary of the SEI PSACEA, Candidate of Technical Sciences (Ph.D.), Associate Professor \u2013 Scientific Committee Secretary.<\/em><\/p>\n<p>&#8211; Jan AWREJCEWICZ \u2013 <em>Professor, Department of Automation, Biomechanics and Mechatronics, \u0141\u00f3d\u017a University of Technology, Poland; Doctor of Technical Sciences (DSc), Professor<br \/>\n<\/em>&#8211; Mykhailo ALIPOV \u2013 <em>Chairman of the Board, Dnipropetrovsk Regional Organization of the National Union of Architects of Ukraine<br \/>\n&#8211; <\/em>Mariia BARABASH \u2013 <em>Director, LLC \u201cLIRA CAD\u201d, Doctor of Technical Sciences, Professor<br \/>\n&#8211; <\/em>Mykola BEVZ \u2013 <em>Head of Department of Architecture and Restoration, NU \u201cLviv Polytechnic\u201d, Doctor of Architecture, Professor<br \/>\n&#8211; <\/em>Oleksander BEKETOV \u2013 <em>Dean, Faculty of Information Technology and Mechanical Engineering, Doctor of Technical Sciences, Associate Professor<br \/>\n&#8211; <\/em>Anatolii BIELIKOV \u2013 <em>Head of Department of Occupational Safety, Civil and Technogenic Safety, Doctor of Technical Sciences, Professor<br \/>\n&#8211; <\/em>Zinovii BLIKHARSKYI \u2013 <em>Deputy Director, Institute of Construction and Engineering Systems, <\/em><em>NU<\/em><em> \u201cLviv Polytechnic\u201d, Doctor of Technical Sciences, Professor<br \/>\n&#8211; <\/em>Oleksandr VELYCHKO \u2013 <em>Director, SEI DMI; Corresponding Member of the NAS of Ukraine; Doctor of Technical Sciences, Professor<br \/>\n&#8211; <\/em>Denys VOLCHOK \u2013 <em>Head of Department of Operation and Repair of Machinery, Doctor of Technical Sciences, Associate Professor<br \/>\n&#8211; <\/em>Volodymyr VOLCHUK \u2013 <em>Head of the Department of Materials Science and Materials Processing; Doctor of Technical Sciences (DSc), Professor<br \/>\n&#8211; <\/em>Andrzej GARBACZ \u2013 <em>Dean, Faculty of Civil Engineering, Warsaw University of Technology, Poland; Doctor of Technical Sciences (DSc), Professor<br \/>\n&#8211; <\/em>Galina YEVSEIEVA \u2013 <em>Vice\u2011Rector for Educational Work and Humanitarian Policy; Doctor of Public Administration Sciences (DSc), Professor<br \/>\n&#8211; <\/em>Oleksandr ZAICHUK \u2013 <em>Vice\u2011Rector for Scientific and Pedagogical Work; Doctor of Technical Sciences (DSc), Professor<br \/>\n&#8211; <\/em>Nabi IBADOV \u2013 <em>Head of the Department of Construction Production and Construction Management, Warsaw University of Technology, Poland; Doctor of Technical Sciences (DSc), Associate Professor<br \/>\n&#8211; <\/em>Mykhailo KAPITSA \u2013 <em>Director, Educational\u2011Research Institute \u201cDnipro Institute of Infrastructure and Transport\u201d; Doctor of Technical Sciences (DSc), Professor<br \/>\n&#8211; <\/em>Yuriy KIRICHEK \u2013 <em>Research Fellow, Department of Engineering Structures, Delft University of Technology, Netherlands; Doctor of Technical Sciences (DSc), Professor<br \/>\n&#8211; <\/em>Volodymyr KONONOV \u2013 <em>Chairman of the Private Joint\u2011Stock Company \u201cAgro\u2011Industrial Enterprise \u2018Sodruzhestvo\u2019\u201d<br \/>\n&#8211; <\/em>Tetiana KRAVCHUNOVSKA \u2013 <em>Head of the Department of Construction Organization and Management; Doctor of Technical Sciences (DSc), Professor<br \/>\n&#8211; <\/em>Bernd MARKERT \u2013 <em>Director, Institute of General Mechanics, RWTH Aachen University, Germany; Doctor of Technical Sciences (DSc), Professor<br \/>\n<\/em>&#8211; Angelo MUSAIO \u2013 <em>Head of International Relations Office, University of Genoa, Italy<br \/>\n<\/em>&#8211; Gennady MISHURIS \u2013 <em>Professor, Department of Mathematics, Aberystwyth University, United Kingdom; Doctor of Physical\u2011Mathematical Sciences (DSc), Professor<br \/>\n&#8211; <\/em>Ivan NAZARENKO \u2013 <em>President, Academy of Construction of Ukraine; Doctor of Technical Sciences (DSc), Professor<br \/>\n&#8211; <\/em>Tetiana NIKIFOROVA \u2013 <em>Dean, Faculty of Civil Engineering; Doctor of Technical Sciences (DSc), Professor<br \/>\n&#8211; <\/em>Yuliya ORLOVSKA \u2013 <em>Head of the Department of Economic Theory and International Economic Relations; Doctor of Economic Sciences (DSc), Professor<br \/>\n&#8211; <\/em>Viktor POPOV \u2013 <em>President, Private Construction &amp; Installation Enterprise \u201cStroitel\u2011P\u201d<br \/>\n&#8211; <\/em>Roman RABENSEIFER \u2013 <em>Professor, Department of Building Structures, Slovak University of Technology in Bratislava, Slovakia; Doctor of Architecture, Professor<br \/>\n&#8211; <\/em>Anatolii RADKEVYCH \u2013 <em>First Vice\u2011Rector; Doctor of Technical Sciences (DSc), Professor<br \/>\n&#8211; <\/em>Olha RYZHOVA \u2013 <em>Vice\u2011Rector for Scientific\u2011Pedagogical Work, Advertising\u2011Information Activities &amp; Communications; Doctor of Technical Sciences (DSc), Professor<br \/>\n&#8211; <\/em>Olga SVERDLIKOVSKA \u2013 <em>Acting Director, Educational\u2011Research Institute \u201cUkrainian State University of Chemical Technology\u201d; Doctor of Chemical Sciences (DSc), Professor<br \/>\n&#8211; <\/em>Volodymyr SIEDIN \u2013 <em>Head of Department of Engineering Geology and Geotechnics; Doctor of Technical Sciences (DSc), Professor<br \/>\n&#8211; <\/em>Biagio SIMONETTI \u2013 <em>Professor, Department of Law, Economics, Management and Quantitative Methods, University of Sannio in Benevento, Italy<br \/>\n&#8211; <\/em>Stefan STANKO \u2013 <em>Vice\u2011Rector for Education (also Informatics &amp; Sport), Slovak University of Technology in Bratislava, Slovakia; Doctor of Technical Sciences (DSc), Professor<br \/>\n&#8211; <\/em>Valerii TOVBYCH \u2013 <em>Head of Department of Information Technology in Architecture, Kyiv National University of Construction and Architecture; Doctor of Architecture, Professor<br \/>\n&#8211; <\/em>Oleksii TIUTKIN \u2013 <em>Head of Department of Transport Infrastructure; Doctor of Technical Sciences (DSc), Professor<br \/>\n&#8211; <\/em>Stanislav UNCHIK \u2013 <em>Dean, Faculty of Civil Engineering, Slovak University of Technology in Bratislava, Slovakia; Doctor of Philosophy, Professor<br \/>\n&#8211; <\/em>Gennadiy FARENYUK \u2013 <em>Director, State Research Institute of Building Structures; Doctor of Technical Sciences (DSc), Professor<br \/>\n&#8211; <\/em>Pavlo FISUNENKO \u2013 <em>Dean, Faculty of Economics; Doctor of Economic Sciences (DSc), Associate Professor<br \/>\n&#8211; <\/em>Oleksandr KHARLAN \u2013 <em>Dean, Faculty of Architecture; Candidate of Architecture (PhD), Associate Professor<br \/>\n&#8211; <\/em>Svitlana SHEKHORKINA \u2013 <em>Professor, Department of Reinforced Concrete and Masonry Structures; Doctor of Technical Sciences (DSc), Professor<\/em><\/p>\n<p><strong>Organizing Committee<br \/>\n<\/strong>&#8211; Vladyslav DANISHEVSKYY \u2013 <em>Director of the SEI PSACEA; Doctor of Technical Sciences (DSc), Professor; Chair of the Organizing Committee<br \/>\n&#8211; <\/em>Anatolii PETRENKO \u2013 <em>Deputy Director of the SEI PSACEA; Candidate of Technical Sciences (PhD), Associate Professor; Deputy Chair of the Organizing Committee<br \/>\n&#8211; <\/em>Valentyna BABENKO \u2013 <em>Deputy Dean, Faculty of Economics; Candidate of Historical Sciences (PhD), Associate Professor<br \/>\n&#8211; <\/em>Maryna BORDUN \u2013 <em>Academic Secretary of the Scientific and Technical Council of the SEI PSACEA, Doctor of Philosophy (PhD), Associate Professor.<br \/>\n&#8211; <\/em>Iryna HOLIAKOVA \u2013 <em>Deputy Dean, Faculty of Civil Engineering and Environment; Candidate of Technical Sciences (PhD), Associate Professor<br \/>\n&#8211; <\/em>Oleksii KARASOV \u2013 <em>Deputy Dean, Faculty of Information Technology and Mechanical Engineering; Doctor of Technical Sciences (DSc), Associate Professor<br \/>\n&#8211; <\/em>Olha LYTVYNENKO \u2013 <em>Head of the Educational\u2011Scientific Center for International Scientific and Educational Projects and Programs<br \/>\n&#8211; <\/em>Marina LYACHOVETSKAYA-TOKAREVA \u2013 <em>Senior Researcher, Scientific Center of Innovative Materials and Technologies; Candidate of Technical Sciences (PhD), Associate Professor<br \/>\n&#8211; <\/em>Ruslan MARKUL \u2013 <em>Head of the Research Department of USUST, Candidate of Technical Sciences (PhD), Associate Professor.<br \/>\n&#8211; <\/em>Yuliia POLISHCHUK \u2013 <em>Director of the Scientific Center for Innovative Materials and Technologies, Candidate of Technical Sciences (PhD), Associate Professor.<br \/>\n&#8211; <\/em><em>Ihor TARANETS, Chief of the Web Management Center<br \/>\n&#8211; <\/em>Olena TYMOSHENKO \u2013 <em>Assistant to the Director of PSACEA for Scientific\u2011Publishing Activities; Candidate of Technical Sciences (PhD), Associate Professor<br \/>\n&#8211; <\/em>Taisiia TKACH<em> \u2013 Assistant Dean of the Faculty of Civil Engineering for Research, PhD in Technical Sciences, Associate Professor.<br \/>\n&#8211; <\/em>Vladyslav FEDIN \u2013 <em>Chair of the Young Scientists Council at PSACEA; PhD Candidate, Department of Building Elements and Concrete Structures<br \/>\n&#8211; <\/em>Illia KUCHYN \u2013 <em>Deputy Chair of the Young Scientists Council at PSACEA; PhD Candidate, Department of Machinery Operation and Repair<br \/>\n&#8211; <\/em>Dmytro BEZVERKHYI \u2013 <em>Secretary of the Young Scientists Council at PSACEA; PhD Candidate, Department of Machinery Operation and Repair<br \/>\n&#8211; <\/em>Iryna SHVETS \u2013 <em>Deputy Dean, Faculty of Architecture<\/em><\/p>\n<p><em>\u00a0<\/em><strong>Contacts<\/strong><\/p>\n<p><strong><u>Scientific Committee matters<\/u><\/strong><br \/>\n<strong>Anastasiia HAIDAR<br \/>\n<\/strong>+380 96 3677057 | nastuel_gaidar@pdaba.edu.ua<\/p>\n<p><strong><u>Registration and organizational questions<\/u><\/strong><br \/>\n<strong>Vladyslav FEDIN<br \/>\n<\/strong>+380 73 8822808 | fedin.vladyslav@pdaba.edu.ua<\/p>\n<p><strong><u>Publication matters<\/u><\/strong><br \/>\n<strong>Olena TYMOSHENKO<br \/>\n<\/strong>+380 50 4524363 | mitomdnipro1997@gmail.com<\/p>\n<p style=\"text-align: center;\"><img loading=\"lazy\" class=\"alignnone size-large wp-image-2026200\" src=\"https:\/\/pgasa.dp.ua\/wp-content\/uploads\/2025\/10\/Partnery-3-1024x472.png\" alt=\"\" width=\"640\" height=\"295\" srcset=\"https:\/\/pgasa.dp.ua\/wp-content\/uploads\/2025\/10\/Partnery-3-1024x472.png 1024w, https:\/\/pgasa.dp.ua\/wp-content\/uploads\/2025\/10\/Partnery-3-300x138.png 300w, https:\/\/pgasa.dp.ua\/wp-content\/uploads\/2025\/10\/Partnery-3-768x354.png 768w, https:\/\/pgasa.dp.ua\/wp-content\/uploads\/2025\/10\/Partnery-3-1536x708.png 1536w, https:\/\/pgasa.dp.ua\/wp-content\/uploads\/2025\/10\/Partnery-3-2048x944.png 2048w\" sizes=\"(max-width: 640px) 100vw, 640px\" \/><\/p>\n","protected":false},"excerpt":{"rendered":"<p>XX INTERNATIONAL SCIENTIFIC AND PRACTICAL CONFERENCE INNOVATIVE TECHNOLOGIES IN CONSTRUCTION, CIVIL ENGINEERING, AND ARCHITECTURE October 20\u201321, 2025 Dnipro, Ukraine We invite you to participate in the XX International Scientific and Practical Conference &#8220;Innovative Technologies in Construction, Civil Engineering, and Architecture.&#8221; The goal of the event is to bring together representatives of science, education, and industry [&hellip;]<\/p>\n","protected":false},"author":1003,"featured_media":0,"parent":0,"menu_order":0,"comment_status":"closed","ping_status":"closed","template":"template\/hello_rector.php","meta":[],"_links":{"self":[{"href":"https:\/\/pgasa.dp.ua\/en\/wp-json\/wp\/v2\/pages\/2025100\/"}],"collection":[{"href":"https:\/\/pgasa.dp.ua\/en\/wp-json\/wp\/v2\/pages\/"}],"about":[{"href":"https:\/\/pgasa.dp.ua\/en\/wp-json\/wp\/v2\/types\/page\/"}],"author":[{"embeddable":true,"href":"https:\/\/pgasa.dp.ua\/en\/wp-json\/wp\/v2\/users\/1003\/"}],"replies":[{"embeddable":true,"href":"https:\/\/pgasa.dp.ua\/en\/wp-json\/wp\/v2\/comments\/?post=2025100"}],"version-history":[{"count":10,"href":"https:\/\/pgasa.dp.ua\/en\/wp-json\/wp\/v2\/pages\/2025100\/revisions\/"}],"predecessor-version":[{"id":2026202,"href":"https:\/\/pgasa.dp.ua\/en\/wp-json\/wp\/v2\/pages\/2025100\/revisions\/2026202\/"}],"wp:attachment":[{"href":"https:\/\/pgasa.dp.ua\/en\/wp-json\/wp\/v2\/media\/?parent=2025100"}],"curies":[{"name":"wp","href":"https:\/\/api.w.org\/{rel}","templated":true}]}}